{"id":2844,"date":"2021-07-31T13:12:52","date_gmt":"2021-07-31T13:12:52","guid":{"rendered":"http:\/\/www.lerdalaboden.se\/site\/?page_id=2844"},"modified":"2022-01-06T10:33:01","modified_gmt":"2022-01-06T10:33:01","slug":"lagershopen","status":"publish","type":"page","link":"http:\/\/www.lerdalaboden.se\/site\/lagershopen\/","title":{"rendered":"Lagershopen"},"content":{"rendered":"\n<p>I lagershopen har vi ett stort urval av stickgarner och sybeh\u00f6r fr\u00e5n ledande tillverkare till bra priser. Ut\u00f6ver stor sortering s\u00e5 finns det \u00e4ven plats f\u00f6r att vila benen eller inta en medhavd fika.<\/p>\n\n\n\n<p>Lagershopen har \u00f6ppet s\u00f6ndagar kl. 12:00-16:00. I nul\u00e4get har vi ingen f\u00f6rs\u00e4ljning via webbshopen, men om det \u00e4r n\u00e5got specifikt du \u00e4r p\u00e5 jakt efter g\u00e5r det bra att ringa p\u00e5 073-382 3650 s\u00e5 ser vi om vi kan l\u00f6sa det \u00e4nd\u00e5.<\/p>\n\n\n\n<figure class=\"wp-block-gallery columns-3 is-cropped\"><ul class=\"blocks-gallery-grid\"><li class=\"blocks-gallery-item\"><figure><a href=\"https:\/\/www.lerdalaboden.se\/site\/wp-content\/uploads\/2021\/07\/DSC02572-1024x683.jpg\"><img loading=\"lazy\" width=\"1024\" height=\"683\" src=\"https:\/\/www.lerdalaboden.se\/site\/wp-content\/uploads\/2021\/07\/DSC02572-1024x683.jpg\" alt=\"\" data-id=\"2856\" data-link=\"https:\/\/www.lerdalaboden.se\/site\/lagershopen\/attachment\/dsc02572\/#main\" class=\"wp-image-2856\" srcset=\"http:\/\/www.lerdalaboden.se\/site\/wp-content\/uploads\/2021\/07\/DSC02572-1024x683.jpg 1024w, http:\/\/www.lerdalaboden.se\/site\/wp-content\/uploads\/2021\/07\/DSC02572-300x200.jpg 300w, http:\/\/www.lerdalaboden.se\/site\/wp-content\/uploads\/2021\/07\/DSC02572-768x512.jpg 768w, http:\/\/www.lerdalaboden.se\/site\/wp-content\/uploads\/2021\/07\/DSC02572.jpg 1200w\" sizes=\"(max-width: 1024px) 100vw, 1024px\" \/><\/a><figcaption class=\"blocks-gallery-item__caption\">Stora fikarummet<\/figcaption><\/figure><\/li><li class=\"blocks-gallery-item\"><figure><a href=\"https:\/\/www.lerdalaboden.se\/site\/wp-content\/uploads\/2021\/07\/DSC02573-1024x683.jpg\"><img loading=\"lazy\" width=\"1024\" height=\"683\" src=\"https:\/\/www.lerdalaboden.se\/site\/wp-content\/uploads\/2021\/07\/DSC02573-1024x683.jpg\" alt=\"\" data-id=\"2857\" data-link=\"https:\/\/www.lerdalaboden.se\/site\/lagershopen\/attachment\/dsc02573\/#main\" class=\"wp-image-2857\" srcset=\"http:\/\/www.lerdalaboden.se\/site\/wp-content\/uploads\/2021\/07\/DSC02573-1024x683.jpg 1024w, http:\/\/www.lerdalaboden.se\/site\/wp-content\/uploads\/2021\/07\/DSC02573-300x200.jpg 300w, http:\/\/www.lerdalaboden.se\/site\/wp-content\/uploads\/2021\/07\/DSC02573-768x512.jpg 768w, http:\/\/www.lerdalaboden.se\/site\/wp-content\/uploads\/2021\/07\/DSC02573.jpg 1200w\" sizes=\"(max-width: 1024px) 100vw, 1024px\" \/><\/a><figcaption class=\"blocks-gallery-item__caption\">Stora fikarummet<\/figcaption><\/figure><\/li><li class=\"blocks-gallery-item\"><figure><a href=\"https:\/\/www.lerdalaboden.se\/site\/wp-content\/uploads\/2021\/07\/DSC02575-1024x683.jpg\"><img loading=\"lazy\" width=\"1024\" height=\"683\" src=\"https:\/\/www.lerdalaboden.se\/site\/wp-content\/uploads\/2021\/07\/DSC02575-1024x683.jpg\" alt=\"\" data-id=\"2858\" data-link=\"https:\/\/www.lerdalaboden.se\/site\/lagershopen\/attachment\/dsc02575\/#main\" class=\"wp-image-2858\" srcset=\"http:\/\/www.lerdalaboden.se\/site\/wp-content\/uploads\/2021\/07\/DSC02575-1024x683.jpg 1024w, http:\/\/www.lerdalaboden.se\/site\/wp-content\/uploads\/2021\/07\/DSC02575-300x200.jpg 300w, http:\/\/www.lerdalaboden.se\/site\/wp-content\/uploads\/2021\/07\/DSC02575-768x512.jpg 768w, http:\/\/www.lerdalaboden.se\/site\/wp-content\/uploads\/2021\/07\/DSC02575.jpg 1200w\" sizes=\"(max-width: 1024px) 100vw, 1024px\" \/><\/a><figcaption class=\"blocks-gallery-item__caption\">Lilla fikarummet<\/figcaption><\/figure><\/li><li class=\"blocks-gallery-item\"><figure><a href=\"https:\/\/www.lerdalaboden.se\/site\/wp-content\/uploads\/2021\/07\/DSC02577-1024x683.jpg\"><img loading=\"lazy\" width=\"1024\" height=\"683\" src=\"https:\/\/www.lerdalaboden.se\/site\/wp-content\/uploads\/2021\/07\/DSC02577-1024x683.jpg\" alt=\"\" data-id=\"2859\" data-link=\"https:\/\/www.lerdalaboden.se\/site\/lagershopen\/attachment\/dsc02577\/#main\" class=\"wp-image-2859\" srcset=\"http:\/\/www.lerdalaboden.se\/site\/wp-content\/uploads\/2021\/07\/DSC02577-1024x683.jpg 1024w, http:\/\/www.lerdalaboden.se\/site\/wp-content\/uploads\/2021\/07\/DSC02577-300x200.jpg 300w, http:\/\/www.lerdalaboden.se\/site\/wp-content\/uploads\/2021\/07\/DSC02577-768x512.jpg 768w, http:\/\/www.lerdalaboden.se\/site\/wp-content\/uploads\/2021\/07\/DSC02577.jpg 1200w\" sizes=\"(max-width: 1024px) 100vw, 1024px\" \/><\/a><figcaption class=\"blocks-gallery-item__caption\">Brod\u00e9rgarner<\/figcaption><\/figure><\/li><li class=\"blocks-gallery-item\"><figure><a href=\"https:\/\/www.lerdalaboden.se\/site\/wp-content\/uploads\/2021\/07\/DSC02578-1024x683.jpg\"><img loading=\"lazy\" width=\"1024\" height=\"683\" src=\"https:\/\/www.lerdalaboden.se\/site\/wp-content\/uploads\/2021\/07\/DSC02578-1024x683.jpg\" alt=\"\" data-id=\"2860\" data-link=\"https:\/\/www.lerdalaboden.se\/site\/lagershopen\/attachment\/dsc02578\/#main\" class=\"wp-image-2860\" srcset=\"http:\/\/www.lerdalaboden.se\/site\/wp-content\/uploads\/2021\/07\/DSC02578-1024x683.jpg 1024w, http:\/\/www.lerdalaboden.se\/site\/wp-content\/uploads\/2021\/07\/DSC02578-300x200.jpg 300w, http:\/\/www.lerdalaboden.se\/site\/wp-content\/uploads\/2021\/07\/DSC02578-768x512.jpg 768w, http:\/\/www.lerdalaboden.se\/site\/wp-content\/uploads\/2021\/07\/DSC02578.jpg 1200w\" sizes=\"(max-width: 1024px) 100vw, 1024px\" \/><\/a><figcaption class=\"blocks-gallery-item__caption\">Stickgarner<\/figcaption><\/figure><\/li><li class=\"blocks-gallery-item\"><figure><a href=\"https:\/\/www.lerdalaboden.se\/site\/wp-content\/uploads\/2021\/07\/DSC02580-1024x683.jpg\"><img loading=\"lazy\" width=\"1024\" height=\"683\" src=\"https:\/\/www.lerdalaboden.se\/site\/wp-content\/uploads\/2021\/07\/DSC02580-1024x683.jpg\" alt=\"\" data-id=\"2861\" data-link=\"https:\/\/www.lerdalaboden.se\/site\/lagershopen\/attachment\/dsc02580\/#main\" class=\"wp-image-2861\" srcset=\"http:\/\/www.lerdalaboden.se\/site\/wp-content\/uploads\/2021\/07\/DSC02580-1024x683.jpg 1024w, http:\/\/www.lerdalaboden.se\/site\/wp-content\/uploads\/2021\/07\/DSC02580-300x200.jpg 300w, http:\/\/www.lerdalaboden.se\/site\/wp-content\/uploads\/2021\/07\/DSC02580-768x512.jpg 768w, http:\/\/www.lerdalaboden.se\/site\/wp-content\/uploads\/2021\/07\/DSC02580.jpg 1200w\" sizes=\"(max-width: 1024px) 100vw, 1024px\" \/><\/a><figcaption class=\"blocks-gallery-item__caption\">Virkn\u00e5lar o dylikt<\/figcaption><\/figure><\/li><li class=\"blocks-gallery-item\"><figure><a href=\"https:\/\/www.lerdalaboden.se\/site\/wp-content\/uploads\/2021\/07\/DSC02581-1024x683.jpg\"><img loading=\"lazy\" width=\"1024\" height=\"683\" src=\"https:\/\/www.lerdalaboden.se\/site\/wp-content\/uploads\/2021\/07\/DSC02581-1024x683.jpg\" alt=\"\" data-id=\"2862\" data-link=\"https:\/\/www.lerdalaboden.se\/site\/lagershopen\/attachment\/dsc02581\/#main\" class=\"wp-image-2862\" srcset=\"http:\/\/www.lerdalaboden.se\/site\/wp-content\/uploads\/2021\/07\/DSC02581-1024x683.jpg 1024w, http:\/\/www.lerdalaboden.se\/site\/wp-content\/uploads\/2021\/07\/DSC02581-300x200.jpg 300w, http:\/\/www.lerdalaboden.se\/site\/wp-content\/uploads\/2021\/07\/DSC02581-768x512.jpg 768w, http:\/\/www.lerdalaboden.se\/site\/wp-content\/uploads\/2021\/07\/DSC02581.jpg 1200w\" sizes=\"(max-width: 1024px) 100vw, 1024px\" \/><\/a><figcaption class=\"blocks-gallery-item__caption\">Stickgarner &amp; knappar<\/figcaption><\/figure><\/li><li class=\"blocks-gallery-item\"><figure><a href=\"https:\/\/www.lerdalaboden.se\/site\/wp-content\/uploads\/2021\/07\/DSC02582-1024x683.jpg\"><img loading=\"lazy\" width=\"1024\" height=\"683\" src=\"https:\/\/www.lerdalaboden.se\/site\/wp-content\/uploads\/2021\/07\/DSC02582-1024x683.jpg\" alt=\"\" data-id=\"2863\" data-link=\"https:\/\/www.lerdalaboden.se\/site\/lagershopen\/attachment\/dsc02582\/#main\" class=\"wp-image-2863\" srcset=\"http:\/\/www.lerdalaboden.se\/site\/wp-content\/uploads\/2021\/07\/DSC02582-1024x683.jpg 1024w, http:\/\/www.lerdalaboden.se\/site\/wp-content\/uploads\/2021\/07\/DSC02582-300x200.jpg 300w, http:\/\/www.lerdalaboden.se\/site\/wp-content\/uploads\/2021\/07\/DSC02582-768x512.jpg 768w, http:\/\/www.lerdalaboden.se\/site\/wp-content\/uploads\/2021\/07\/DSC02582.jpg 1200w\" sizes=\"(max-width: 1024px) 100vw, 1024px\" \/><\/a><figcaption class=\"blocks-gallery-item__caption\">V\u00e4v<\/figcaption><\/figure><\/li><li class=\"blocks-gallery-item\"><figure><a href=\"https:\/\/www.lerdalaboden.se\/site\/wp-content\/uploads\/2021\/07\/DSC02584-1024x683.jpg\"><img loading=\"lazy\" width=\"1024\" height=\"683\" src=\"https:\/\/www.lerdalaboden.se\/site\/wp-content\/uploads\/2021\/07\/DSC02584-1024x683.jpg\" alt=\"\" data-id=\"2864\" data-link=\"https:\/\/www.lerdalaboden.se\/site\/lagershopen\/attachment\/dsc02584\/#main\" class=\"wp-image-2864\" srcset=\"http:\/\/www.lerdalaboden.se\/site\/wp-content\/uploads\/2021\/07\/DSC02584-1024x683.jpg 1024w, http:\/\/www.lerdalaboden.se\/site\/wp-content\/uploads\/2021\/07\/DSC02584-300x200.jpg 300w, http:\/\/www.lerdalaboden.se\/site\/wp-content\/uploads\/2021\/07\/DSC02584-768x512.jpg 768w, http:\/\/www.lerdalaboden.se\/site\/wp-content\/uploads\/2021\/07\/DSC02584.jpg 1200w\" sizes=\"(max-width: 1024px) 100vw, 1024px\" \/><\/a><figcaption class=\"blocks-gallery-item__caption\">Stickgarner<\/figcaption><\/figure><\/li><li class=\"blocks-gallery-item\"><figure><a href=\"https:\/\/www.lerdalaboden.se\/site\/wp-content\/uploads\/2021\/07\/DSC02586-1024x683.jpg\"><img loading=\"lazy\" width=\"1024\" height=\"683\" src=\"https:\/\/www.lerdalaboden.se\/site\/wp-content\/uploads\/2021\/07\/DSC02586-1024x683.jpg\" alt=\"\" data-id=\"2865\" data-link=\"https:\/\/www.lerdalaboden.se\/site\/lagershopen\/attachment\/dsc02586\/#main\" class=\"wp-image-2865\" srcset=\"http:\/\/www.lerdalaboden.se\/site\/wp-content\/uploads\/2021\/07\/DSC02586-1024x683.jpg 1024w, http:\/\/www.lerdalaboden.se\/site\/wp-content\/uploads\/2021\/07\/DSC02586-300x200.jpg 300w, http:\/\/www.lerdalaboden.se\/site\/wp-content\/uploads\/2021\/07\/DSC02586-768x512.jpg 768w, http:\/\/www.lerdalaboden.se\/site\/wp-content\/uploads\/2021\/07\/DSC02586.jpg 1200w\" sizes=\"(max-width: 1024px) 100vw, 1024px\" \/><\/a><figcaption class=\"blocks-gallery-item__caption\">Stickgarner<\/figcaption><\/figure><\/li><li class=\"blocks-gallery-item\"><figure><a href=\"https:\/\/www.lerdalaboden.se\/site\/wp-content\/uploads\/2021\/07\/DSC02589-1024x683.jpg\"><img loading=\"lazy\" width=\"1024\" height=\"683\" src=\"https:\/\/www.lerdalaboden.se\/site\/wp-content\/uploads\/2021\/07\/DSC02589-1024x683.jpg\" alt=\"\" data-id=\"2866\" data-link=\"https:\/\/www.lerdalaboden.se\/site\/lagershopen\/attachment\/dsc02589\/#main\" class=\"wp-image-2866\" srcset=\"http:\/\/www.lerdalaboden.se\/site\/wp-content\/uploads\/2021\/07\/DSC02589-1024x683.jpg 1024w, http:\/\/www.lerdalaboden.se\/site\/wp-content\/uploads\/2021\/07\/DSC02589-300x200.jpg 300w, http:\/\/www.lerdalaboden.se\/site\/wp-content\/uploads\/2021\/07\/DSC02589-768x512.jpg 768w, http:\/\/www.lerdalaboden.se\/site\/wp-content\/uploads\/2021\/07\/DSC02589.jpg 1200w\" sizes=\"(max-width: 1024px) 100vw, 1024px\" \/><\/a><figcaption class=\"blocks-gallery-item__caption\">Stickgarner<\/figcaption><\/figure><\/li><li class=\"blocks-gallery-item\"><figure><a href=\"https:\/\/www.lerdalaboden.se\/site\/wp-content\/uploads\/2021\/07\/DSC02590-1024x683.jpg\"><img loading=\"lazy\" width=\"1024\" height=\"683\" src=\"https:\/\/www.lerdalaboden.se\/site\/wp-content\/uploads\/2021\/07\/DSC02590-1024x683.jpg\" alt=\"\" data-id=\"2867\" data-link=\"https:\/\/www.lerdalaboden.se\/site\/lagershopen\/attachment\/dsc02590\/#main\" class=\"wp-image-2867\" srcset=\"http:\/\/www.lerdalaboden.se\/site\/wp-content\/uploads\/2021\/07\/DSC02590-1024x683.jpg 1024w, http:\/\/www.lerdalaboden.se\/site\/wp-content\/uploads\/2021\/07\/DSC02590-300x200.jpg 300w, http:\/\/www.lerdalaboden.se\/site\/wp-content\/uploads\/2021\/07\/DSC02590-768x512.jpg 768w, http:\/\/www.lerdalaboden.se\/site\/wp-content\/uploads\/2021\/07\/DSC02590.jpg 1200w\" sizes=\"(max-width: 1024px) 100vw, 1024px\" \/><\/a><figcaption class=\"blocks-gallery-item__caption\">Interi\u00f6rbild<\/figcaption><\/figure><\/li><li class=\"blocks-gallery-item\"><figure><a href=\"https:\/\/www.lerdalaboden.se\/site\/wp-content\/uploads\/2021\/07\/DSC02591-1024x683.jpg\"><img loading=\"lazy\" width=\"1024\" height=\"683\" src=\"https:\/\/www.lerdalaboden.se\/site\/wp-content\/uploads\/2021\/07\/DSC02591-1024x683.jpg\" alt=\"\" data-id=\"2868\" data-link=\"https:\/\/www.lerdalaboden.se\/site\/lagershopen\/attachment\/dsc02591\/#main\" class=\"wp-image-2868\" srcset=\"http:\/\/www.lerdalaboden.se\/site\/wp-content\/uploads\/2021\/07\/DSC02591-1024x683.jpg 1024w, http:\/\/www.lerdalaboden.se\/site\/wp-content\/uploads\/2021\/07\/DSC02591-300x200.jpg 300w, http:\/\/www.lerdalaboden.se\/site\/wp-content\/uploads\/2021\/07\/DSC02591-768x512.jpg 768w, http:\/\/www.lerdalaboden.se\/site\/wp-content\/uploads\/2021\/07\/DSC02591.jpg 1200w\" sizes=\"(max-width: 1024px) 100vw, 1024px\" \/><\/a><figcaption class=\"blocks-gallery-item__caption\">Stickgarner<\/figcaption><\/figure><\/li><li class=\"blocks-gallery-item\"><figure><a href=\"https:\/\/www.lerdalaboden.se\/site\/wp-content\/uploads\/2021\/07\/DSC02592-1024x683.jpg\"><img loading=\"lazy\" width=\"1024\" height=\"683\" src=\"https:\/\/www.lerdalaboden.se\/site\/wp-content\/uploads\/2021\/07\/DSC02592-1024x683.jpg\" alt=\"\" data-id=\"2869\" data-link=\"https:\/\/www.lerdalaboden.se\/site\/lagershopen\/attachment\/dsc02592\/#main\" class=\"wp-image-2869\" srcset=\"http:\/\/www.lerdalaboden.se\/site\/wp-content\/uploads\/2021\/07\/DSC02592-1024x683.jpg 1024w, http:\/\/www.lerdalaboden.se\/site\/wp-content\/uploads\/2021\/07\/DSC02592-300x200.jpg 300w, http:\/\/www.lerdalaboden.se\/site\/wp-content\/uploads\/2021\/07\/DSC02592-768x512.jpg 768w, http:\/\/www.lerdalaboden.se\/site\/wp-content\/uploads\/2021\/07\/DSC02592.jpg 1200w\" sizes=\"(max-width: 1024px) 100vw, 1024px\" \/><\/a><figcaption class=\"blocks-gallery-item__caption\">Stickgarner<\/figcaption><\/figure><\/li><li class=\"blocks-gallery-item\"><figure><a href=\"https:\/\/www.lerdalaboden.se\/site\/wp-content\/uploads\/2021\/07\/DSC02593-1024x683.jpg\"><img loading=\"lazy\" width=\"1024\" height=\"683\" src=\"https:\/\/www.lerdalaboden.se\/site\/wp-content\/uploads\/2021\/07\/DSC02593-1024x683.jpg\" alt=\"\" data-id=\"2870\" data-link=\"https:\/\/www.lerdalaboden.se\/site\/lagershopen\/attachment\/dsc02593\/#main\" class=\"wp-image-2870\" srcset=\"http:\/\/www.lerdalaboden.se\/site\/wp-content\/uploads\/2021\/07\/DSC02593-1024x683.jpg 1024w, http:\/\/www.lerdalaboden.se\/site\/wp-content\/uploads\/2021\/07\/DSC02593-300x200.jpg 300w, http:\/\/www.lerdalaboden.se\/site\/wp-content\/uploads\/2021\/07\/DSC02593-768x512.jpg 768w, http:\/\/www.lerdalaboden.se\/site\/wp-content\/uploads\/2021\/07\/DSC02593.jpg 1200w\" sizes=\"(max-width: 1024px) 100vw, 1024px\" \/><\/a><figcaption class=\"blocks-gallery-item__caption\">Stickgarner<\/figcaption><\/figure><\/li><li class=\"blocks-gallery-item\"><figure><a href=\"https:\/\/www.lerdalaboden.se\/site\/wp-content\/uploads\/2021\/07\/DSC02602.jpg\"><img loading=\"lazy\" width=\"1024\" height=\"683\" src=\"https:\/\/www.lerdalaboden.se\/site\/wp-content\/uploads\/2021\/07\/DSC02602-1024x683.jpg\" alt=\"\" data-id=\"2910\" data-full-url=\"https:\/\/www.lerdalaboden.se\/site\/wp-content\/uploads\/2021\/07\/DSC02602.jpg\" data-link=\"https:\/\/www.lerdalaboden.se\/site\/lagershopen\/attachment\/dsc02602\/#main\" class=\"wp-image-2910\" srcset=\"http:\/\/www.lerdalaboden.se\/site\/wp-content\/uploads\/2021\/07\/DSC02602-1024x683.jpg 1024w, http:\/\/www.lerdalaboden.se\/site\/wp-content\/uploads\/2021\/07\/DSC02602-300x200.jpg 300w, http:\/\/www.lerdalaboden.se\/site\/wp-content\/uploads\/2021\/07\/DSC02602-768x512.jpg 768w, http:\/\/www.lerdalaboden.se\/site\/wp-content\/uploads\/2021\/07\/DSC02602.jpg 1200w\" sizes=\"(max-width: 1024px) 100vw, 1024px\" \/><\/a><figcaption class=\"blocks-gallery-item__caption\"> Exteri\u00f6r, Lagershopen <\/figcaption><\/figure><\/li><li class=\"blocks-gallery-item\"><figure><a href=\"https:\/\/www.lerdalaboden.se\/site\/wp-content\/uploads\/2021\/07\/DSC02597.jpg\"><img loading=\"lazy\" width=\"1024\" height=\"683\" src=\"https:\/\/www.lerdalaboden.se\/site\/wp-content\/uploads\/2021\/07\/DSC02597-1024x683.jpg\" alt=\"\" data-id=\"2909\" data-full-url=\"https:\/\/www.lerdalaboden.se\/site\/wp-content\/uploads\/2021\/07\/DSC02597.jpg\" data-link=\"https:\/\/www.lerdalaboden.se\/site\/lagershopen\/attachment\/dsc02597\/#main\" class=\"wp-image-2909\" srcset=\"http:\/\/www.lerdalaboden.se\/site\/wp-content\/uploads\/2021\/07\/DSC02597-1024x683.jpg 1024w, http:\/\/www.lerdalaboden.se\/site\/wp-content\/uploads\/2021\/07\/DSC02597-300x200.jpg 300w, http:\/\/www.lerdalaboden.se\/site\/wp-content\/uploads\/2021\/07\/DSC02597-768x512.jpg 768w, http:\/\/www.lerdalaboden.se\/site\/wp-content\/uploads\/2021\/07\/DSC02597.jpg 1200w\" sizes=\"(max-width: 1024px) 100vw, 1024px\" \/><\/a><figcaption class=\"blocks-gallery-item__caption\">Exteri\u00f6r, Lagershopen<\/figcaption><\/figure><\/li><\/ul><figcaption class=\"blocks-gallery-caption\">Exteri\u00f6r och interi\u00f6rbilder fr\u00e5n Lagershopen utanf\u00f6r V\u00e4rnamo<\/figcaption><\/figure>\n","protected":false},"excerpt":{"rendered":"<p>I lagershopen har vi ett stort urval av stickgarner och sybeh\u00f6r fr\u00e5n ledande tillverkare till bra priser. Ut\u00f6ver stor sortering s\u00e5 finns det \u00e4ven plats f\u00f6r att vila benen eller inta en medhavd fika. Lagershopen har \u00f6ppet s\u00f6ndagar kl. 12:00-16:00. I nul\u00e4get har vi ingen f\u00f6rs\u00e4ljning via webbshopen, men om det \u00e4r n\u00e5got specifikt du &#8230; <a title=\"Lagershopen\" class=\"read-more\" href=\"http:\/\/www.lerdalaboden.se\/site\/lagershopen\/\" aria-label=\"Mer p\u00e5 Lagershopen\">L\u00e4s mer<\/a><\/p>\n","protected":false},"author":5,"featured_media":2870,"parent":0,"menu_order":0,"comment_status":"closed","ping_status":"closed","template":"","meta":{"_generate-full-width-content":""},"_links":{"self":[{"href":"http:\/\/www.lerdalaboden.se\/site\/wp-json\/wp\/v2\/pages\/2844"}],"collection":[{"href":"http:\/\/www.lerdalaboden.se\/site\/wp-json\/wp\/v2\/pages"}],"about":[{"href":"http:\/\/www.lerdalaboden.se\/site\/wp-json\/wp\/v2\/types\/page"}],"author":[{"embeddable":true,"href":"http:\/\/www.lerdalaboden.se\/site\/wp-json\/wp\/v2\/users\/5"}],"replies":[{"embeddable":true,"href":"http:\/\/www.lerdalaboden.se\/site\/wp-json\/wp\/v2\/comments?post=2844"}],"version-history":[{"count":12,"href":"http:\/\/www.lerdalaboden.se\/site\/wp-json\/wp\/v2\/pages\/2844\/revisions"}],"predecessor-version":[{"id":2927,"href":"http:\/\/www.lerdalaboden.se\/site\/wp-json\/wp\/v2\/pages\/2844\/revisions\/2927"}],"wp:featuredmedia":[{"embeddable":true,"href":"http:\/\/www.lerdalaboden.se\/site\/wp-json\/wp\/v2\/media\/2870"}],"wp:attachment":[{"href":"http:\/\/www.lerdalaboden.se\/site\/wp-json\/wp\/v2\/media?parent=2844"}],"curies":[{"name":"wp","href":"https:\/\/api.w.org\/{rel}","templated":true}]}}