{"id":2826,"date":"2019-06-28T05:20:04","date_gmt":"2019-06-28T05:20:04","guid":{"rendered":"https:\/\/gpsites.co\/grill\/?page_id=18"},"modified":"2021-09-02T20:13:07","modified_gmt":"2021-09-02T20:13:07","slug":"your-favorite-restaurant","status":"publish","type":"page","link":"https:\/\/www.lerdalaboden.se\/site\/","title":{"rendered":"Lerdalaboden i v\u00e4rnamo"},"content":{"rendered":"<div class=\"gb-container gb-container-cd418881\"><div class=\"gb-inside-container\">\n<div class=\"gb-grid-wrapper gb-grid-wrapper-99f33366\">\n<div class=\"gb-grid-column gb-grid-column-ffe6fd60\"><div class=\"gb-container gb-container-ffe6fd60\"><div class=\"gb-inside-container\">\n\n<h2 class=\"gb-headline gb-headline-b0071fad gb-headline-text\">Lerdalaboden<\/h2>\n\n\n\n<p class=\"gb-headline gb-headline-c58757ae gb-headline-text\">V\u00e4lkommen att bes\u00f6ka oss i Lerdala utanf\u00f6r V\u00e4rnamo. V\u00e5ra \u00f6ppettider \u00e4r s\u00f6ndagar kl. 12:00-16:00<\/p>\n\n\n\n<p class=\"gb-headline gb-headline-d260814d gb-headline-text\">Ring p\u00e5: 073-382 3650<\/p>\n\n\n\n<p class=\"gb-headline gb-headline-4b853085 gb-headline-text\"><\/p>\n\n\n<div class=\"gb-button-wrapper gb-button-wrapper-205a736f\">\n\n<a class=\"gb-button gb-button-70593923 gb-button-text\" href=\"https:\/\/www.lerdalaboden.se\/site\/lagershopen\/\">LAGERSHOPEN<\/a>\n\n\n\n<a class=\"gb-button gb-button-2c50bb08 gb-button-text\" href=\"https:\/\/www.lerdalaboden.se\/site\/kontakt\/\">KONTAKT<\/a>\n\n<\/div>\n<\/div><\/div><\/div>\n\n<div class=\"gb-grid-column gb-grid-column-8f7c6ce2\"><div class=\"gb-container gb-container-8f7c6ce2\"><div class=\"gb-inside-container\">\n\n<iframe src=\"https:\/\/www.google.com\/maps\/embed?pb=!1m18!1m12!1m3!1d2161.188889983955!2d14.180410515987344!3d57.202194480965815!2m3!1f0!2f0!3f0!3m2!1i1024!2i768!4f13.1!3m3!1m2!1s0x4650c7ef15be6729%3A0x84e5d689014203a0!2sLerdalaboden!5e0!3m2!1sen!2sse!4v1627740167881!5m2!1sen!2sse\" width=\"450\" height=\"300\" style=\"border:0;\" allowfullscreen=\"\" loading=\"lazy\"><\/iframe>\n\n<\/div><\/div><\/div>\n<\/div>\n<\/div><\/div>\n\n<div class=\"gb-container gb-container-8198298a\"><div class=\"gb-inside-container\">\n\n<h2 class=\"gb-headline gb-headline-5f1b4fe6 gb-headline-text\">OM LERDALABODEN<\/h2>\n\n\n\n<div class=\"gb-headline gb-headline-27c8f194 gb-headline-text\">Lerdalaboden \u00e4r en lagershop utanf\u00f6r V\u00e4rnamo med stor sortering av stickgarner och sybeh\u00f6r. Du hittade oss tidigare vid Ekhagsrondellen i J\u00f6nk\u00f6ping eller p\u00e5 marknader och bygdeg\u00e5rdar runt om i landet. <\/div>\n\n<\/div><\/div>\n\n\n<p><\/p>\n","protected":false},"excerpt":{"rendered":"","protected":false},"author":5,"featured_media":2870,"parent":0,"menu_order":0,"comment_status":"closed","ping_status":"closed","template":"","meta":{"_generate-full-width-content":"true"},"_links":{"self":[{"href":"https:\/\/www.lerdalaboden.se\/site\/wp-json\/wp\/v2\/pages\/2826"}],"collection":[{"href":"https:\/\/www.lerdalaboden.se\/site\/wp-json\/wp\/v2\/pages"}],"about":[{"href":"https:\/\/www.lerdalaboden.se\/site\/wp-json\/wp\/v2\/types\/page"}],"author":[{"embeddable":true,"href":"https:\/\/www.lerdalaboden.se\/site\/wp-json\/wp\/v2\/users\/5"}],"replies":[{"embeddable":true,"href":"https:\/\/www.lerdalaboden.se\/site\/wp-json\/wp\/v2\/comments?post=2826"}],"version-history":[{"count":10,"href":"https:\/\/www.lerdalaboden.se\/site\/wp-json\/wp\/v2\/pages\/2826\/revisions"}],"predecessor-version":[{"id":2919,"href":"https:\/\/www.lerdalaboden.se\/site\/wp-json\/wp\/v2\/pages\/2826\/revisions\/2919"}],"wp:featuredmedia":[{"embeddable":true,"href":"https:\/\/www.lerdalaboden.se\/site\/wp-json\/wp\/v2\/media\/2870"}],"wp:attachment":[{"href":"https:\/\/www.lerdalaboden.se\/site\/wp-json\/wp\/v2\/media?parent=2826"}],"curies":[{"name":"wp","href":"https:\/\/api.w.org\/{rel}","templated":true}]}}