{"id":2904,"date":"2021-07-31T14:26:27","date_gmt":"2021-07-31T14:26:27","guid":{"rendered":"https:\/\/www.lerdalaboden.se\/site\/?page_id=2904"},"modified":"2022-01-06T10:29:14","modified_gmt":"2022-01-06T10:29:14","slug":"kontakt","status":"publish","type":"page","link":"https:\/\/www.lerdalaboden.se\/site\/kontakt\/","title":{"rendered":"Kontakt"},"content":{"rendered":"\n<p>TELEFON: <br>073-382 3650<\/p>\n\n\n\n<p><\/p>\n\n\n\n<p>POSTADRESS:<br>Lerdalaboden, <br>Lerdala, Sl\u00e4ttag\u00e5rd 1<br>33193 V\u00e4rnamo<\/p>\n","protected":false},"excerpt":{"rendered":"<p>TELEFON: 073-382 3650 POSTADRESS:Lerdalaboden, Lerdala, Sl\u00e4ttag\u00e5rd 133193 V\u00e4rnamo<\/p>\n","protected":false},"author":5,"featured_media":2870,"parent":0,"menu_order":0,"comment_status":"closed","ping_status":"closed","template":"","meta":{"_generate-full-width-content":""},"_links":{"self":[{"href":"https:\/\/www.lerdalaboden.se\/site\/wp-json\/wp\/v2\/pages\/2904"}],"collection":[{"href":"https:\/\/www.lerdalaboden.se\/site\/wp-json\/wp\/v2\/pages"}],"about":[{"href":"https:\/\/www.lerdalaboden.se\/site\/wp-json\/wp\/v2\/types\/page"}],"author":[{"embeddable":true,"href":"https:\/\/www.lerdalaboden.se\/site\/wp-json\/wp\/v2\/users\/5"}],"replies":[{"embeddable":true,"href":"https:\/\/www.lerdalaboden.se\/site\/wp-json\/wp\/v2\/comments?post=2904"}],"version-history":[{"count":2,"href":"https:\/\/www.lerdalaboden.se\/site\/wp-json\/wp\/v2\/pages\/2904\/revisions"}],"predecessor-version":[{"id":2924,"href":"https:\/\/www.lerdalaboden.se\/site\/wp-json\/wp\/v2\/pages\/2904\/revisions\/2924"}],"wp:featuredmedia":[{"embeddable":true,"href":"https:\/\/www.lerdalaboden.se\/site\/wp-json\/wp\/v2\/media\/2870"}],"wp:attachment":[{"href":"https:\/\/www.lerdalaboden.se\/site\/wp-json\/wp\/v2\/media?parent=2904"}],"curies":[{"name":"wp","href":"https:\/\/api.w.org\/{rel}","templated":true}]}}